{"id":1796,"date":"2025-06-18T17:04:32","date_gmt":"2025-06-18T15:04:32","guid":{"rendered":"https:\/\/renaitre-au-sahara.com\/?page_id=1796"},"modified":"2025-06-18T17:05:07","modified_gmt":"2025-06-18T15:05:07","slug":"lmrir","status":"publish","type":"page","link":"https:\/\/renaitre-au-sahara.com\/index.php\/lmrir\/","title":{"rendered":"LMRIR"},"content":{"rendered":"\t\t<div data-elementor-type=\"wp-page\" data-elementor-id=\"1796\" class=\"elementor elementor-1796\">\n\t\t\t\t<div class=\"elementor-element elementor-element-667ebf05 e-con-full e-flex e-con e-parent\" data-id=\"667ebf05\" data-element_type=\"container\" data-settings=\"{&quot;background_background&quot;:&quot;classic&quot;}\">\n\t\t\t\t<div class=\"elementor-element elementor-element-68256f79 elementor-widget elementor-widget-heading\" data-id=\"68256f79\" data-element_type=\"widget\" data-widget_type=\"heading.default\">\n\t\t\t\t<div class=\"elementor-widget-container\">\n\t\t\t\t\t<h1 class=\"elementor-heading-title elementor-size-default\">LMRIR<\/h1>\t\t\t\t<\/div>\n\t\t\t\t<\/div>\n\t\t\t\t<\/div>\n\t\t<div class=\"elementor-element elementor-element-43921264 e-flex e-con-boxed e-con e-parent\" data-id=\"43921264\" data-element_type=\"container\" data-settings=\"{&quot;background_background&quot;:&quot;classic&quot;}\">\n\t\t\t\t\t<div class=\"e-con-inner\">\n\t\t\t\t<div class=\"elementor-element elementor-element-4046d971 elementor-widget elementor-widget-heading\" data-id=\"4046d971\" data-element_type=\"widget\" data-widget_type=\"heading.default\">\n\t\t\t\t<div class=\"elementor-widget-container\">\n\t\t\t\t\t<h2 class=\"elementor-heading-title elementor-size-default\">Circuit alliant beaut\u00e9, diversit\u00e9 de paysages et facilit\u00e9 !<\/h2>\t\t\t\t<\/div>\n\t\t\t\t<\/div>\n\t\t\t\t<div class=\"elementor-element elementor-element-187a5f7e elementor-widget elementor-widget-text-editor\" data-id=\"187a5f7e\" data-element_type=\"widget\" data-widget_type=\"text-editor.default\">\n\t\t\t\t<div class=\"elementor-widget-container\">\n\t\t\t\t\t\t\t\t\t<p>Explorez un trek \u00e9poustouflant entre montagnes, dunes et plateaux, d\u00e9couvrez les puits nomades, la vall\u00e9e du Dr\u00e2a, la palmeraie de M&rsquo;hamid et observez les autruches sauvages.<\/p>\t\t\t\t\t\t\t\t<\/div>\n\t\t\t\t<\/div>\n\t\t\t\t\t<\/div>\n\t\t\t\t<\/div>\n\t\t<div class=\"elementor-element elementor-element-95ece92 e-flex e-con-boxed e-con e-parent\" data-id=\"95ece92\" data-element_type=\"container\">\n\t\t\t\t\t<div class=\"e-con-inner\">\n\t\t<div class=\"elementor-element elementor-element-46388869 e-con-full e-flex e-con e-child\" data-id=\"46388869\" data-element_type=\"container\">\n\t\t\t\t<div class=\"elementor-element elementor-element-ee624d9 elementor-widget elementor-widget-image\" data-id=\"ee624d9\" data-element_type=\"widget\" data-widget_type=\"image.default\">\n\t\t\t\t<div class=\"elementor-widget-container\">\n\t\t\t\t\t\t\t\t\t\t\t\t\t\t\t<img decoding=\"async\" src=\"https:\/\/renaitre-au-sahara.com\/wp-content\/plugins\/elementor\/assets\/images\/placeholder.png\" title=\"\" alt=\"\" loading=\"lazy\" \/>\t\t\t\t\t\t\t\t\t\t\t\t\t\t\t<\/div>\n\t\t\t\t<\/div>\n\t\t\t\t<\/div>\n\t\t<div class=\"elementor-element elementor-element-7168a2e8 e-con-full e-flex e-con e-child\" data-id=\"7168a2e8\" data-element_type=\"container\">\n\t\t\t\t<div class=\"elementor-element elementor-element-7a3ff60 elementor-widget elementor-widget-heading\" data-id=\"7a3ff60\" data-element_type=\"widget\" data-widget_type=\"heading.default\">\n\t\t\t\t<div class=\"elementor-widget-container\">\n\t\t\t\t\t<h3 class=\"elementor-heading-title elementor-size-default\">Les points forts:<\/h3>\t\t\t\t<\/div>\n\t\t\t\t<\/div>\n\t\t\t\t<div class=\"elementor-element elementor-element-42e9381 elementor-widget elementor-widget-text-editor\" data-id=\"42e9381\" data-element_type=\"widget\" data-widget_type=\"text-editor.default\">\n\t\t\t\t<div class=\"elementor-widget-container\">\n\t\t\t\t\t\t\t\t\t<ul><li>diversit\u00e9 des paysages<\/li><li>la vari\u00e9t\u00e9 d\u2019animaux sauvages<\/li><li>facilit\u00e9 du parcours<\/li><\/ul>\t\t\t\t\t\t\t\t<\/div>\n\t\t\t\t<\/div>\n\t\t\t\t<div class=\"elementor-element elementor-element-42fae021 elementor-widget elementor-widget-heading\" data-id=\"42fae021\" data-element_type=\"widget\" data-widget_type=\"heading.default\">\n\t\t\t\t<div class=\"elementor-widget-container\">\n\t\t\t\t\t<h3 class=\"elementor-heading-title elementor-size-default\">Les caract\u00e9ristiques: <\/h3>\t\t\t\t<\/div>\n\t\t\t\t<\/div>\n\t\t\t\t<div class=\"elementor-element elementor-element-6447d351 elementor-widget elementor-widget-text-editor\" data-id=\"6447d351\" data-element_type=\"widget\" data-widget_type=\"text-editor.default\">\n\t\t\t\t<div class=\"elementor-widget-container\">\n\t\t\t\t\t\t\t\t\t<ul><li>1 semaine (5 jours de marche)<\/li><li>Niveau facile &#8211; mix montagne et dunes<\/li><li>550 &#8211; 600 \u20ac \/personne*<\/li><\/ul><p>\u00a0<\/p><p><em>* 4 \u00e0 9 personnes = 600\u20ac, 10 personnes et + = 550\u20ac, pour 1 \u00e0 3 personnes demandez un devis personnalis\u00e9.<\/em><\/p>\t\t\t\t\t\t\t\t<\/div>\n\t\t\t\t<\/div>\n\t\t\t\t<\/div>\n\t\t\t\t\t<\/div>\n\t\t\t\t<\/div>\n\t\t<div class=\"elementor-element elementor-element-30542d84 e-flex e-con-boxed e-con e-parent\" data-id=\"30542d84\" data-element_type=\"container\">\n\t\t\t\t\t<div class=\"e-con-inner\">\n\t\t<div class=\"elementor-element elementor-element-7eaab0ca e-con-full e-flex e-con e-child\" data-id=\"7eaab0ca\" data-element_type=\"container\" data-settings=\"{&quot;background_background&quot;:&quot;classic&quot;}\">\n\t\t\t\t<\/div>\n\t\t<div class=\"elementor-element elementor-element-c570598 e-con-full e-flex e-con e-child\" data-id=\"c570598\" data-element_type=\"container\">\n\t\t\t\t<div class=\"elementor-element elementor-element-56e00b7d elementor-widget elementor-widget-heading\" data-id=\"56e00b7d\" data-element_type=\"widget\" data-widget_type=\"heading.default\">\n\t\t\t\t<div class=\"elementor-widget-container\">\n\t\t\t\t\t<h2 class=\"elementor-heading-title elementor-size-default\">Le programme<\/h2>\t\t\t\t<\/div>\n\t\t\t\t<\/div>\n\t\t\t\t<div class=\"elementor-element elementor-element-4f451c36 elementor-widget elementor-widget-text-editor\" data-id=\"4f451c36\" data-element_type=\"widget\" data-widget_type=\"text-editor.default\">\n\t\t\t\t<div class=\"elementor-widget-container\">\n\t\t\t\t\t\t\t\t\t<p><strong>Jour 1<\/strong><br \/>Transfert de Ouarzazate vers Zagora puis le point de d\u00e9part du trek.<\/p><p><strong>Jour 2<\/strong><br \/>Apr\u00e8s le petit-d\u00e9jeuner direction les dunes de Lmrir, nous attaquons ensuite la descente de Ouad Lfhamya pour sortir de Jebl Bani. Apr\u00e8s une petite pause avec fruits secs \u00e0 l&rsquo;ombre d&rsquo;un acacia nous continuons sur un petit plateau pour arriver au premier bivouac dans les dunes de Lmrir. C\u2019est le jour o\u00f9 nous avons la chance de croiser les autruches.<\/p><p><strong>Jours 3<\/strong><br \/>Apr\u00e8s le petit-d\u00e9jeuner direction les tamaris du puits de Mwazmou. Nous traversons ensuite les petites dunes pour \u00eatre sur le plateau de Momrad. Pause \u00e0 l&rsquo;ombre d&rsquo;un acacia puis nous reprenons la route pour arriver au campement vers midi. Paysage : des dunes et des tamaris.<\/p><p><strong>Jour 4<\/strong><br \/>Apr\u00e8s le petit d\u00e9jeuner, on part de Ouad Mwazmou. Toujours des dunes et des tamaris pour nous accompagner pendant la marche, toujours avec la pause fruits secs \u00e0 mi-chemin. Nous rejoignons ensuite notre bivouac \u00e0 Erg Brtam, la dune la plus haute de ce circuit.<\/p><p><strong>Jour 5<\/strong><br \/>Apr\u00e8s le petit-d\u00e9jeuner, direction la vall\u00e9e du Dr\u00e2a. Nous marchons entre les grands tamaris -l\u2019arbre le plus connu dans le d\u00e9sert- avec toujours la pause \u00e0 mi-chemin. Arriv\u00e9e au campement au bord de la vall\u00e9e.<\/p><p><strong>Jour 6<\/strong><br \/>Apr\u00e8s le petit d\u00e9jeuner, nous quittons Ouad Dr\u00e2a pour prendre la direction de Rass Nkhl -les palmier de M&rsquo;hamid el Ghizlane- l\u2019occasion de marcher sur les petites dune pour joindre notre dernier bivouac dans le d\u00e9sert. Une balade \u00e0 dos de dromadaire est pr\u00e9vue pour un moment inoubliable !<\/p><p><strong>Jour 7<\/strong><br \/>Apr\u00e8s le petit-d\u00e9jeuner c\u2019est le d\u00e9part en 4&#215;4 pour 5 km de piste + 100 km de route pour rejoindre Zagora. <br \/>Le programme est flexible selon votre date de d\u00e9part du Maroc.<\/p><p>Nous avons ainsi la possibilit\u00e9 de passer par M&rsquo;hamid el Ghizlane, le dernier village du grand sud; la poterie de Tamegroute avec la visite de la Kasbah, un magasin d\u2019\u00e9pices et d\u2019huile d\u2019argan de qualit\u00e9. Ou encore d\u2019un d\u00e9jeuner chez la famille de Hammou, pour un d\u00e9licieux couscous berb\u00e8re traditionnel. L\u2019apr\u00e8s midi c\u2019est \u00e9galement possible de prendre le th\u00e9 chez Khadija, notre artiste des cheichs sur mesure ou r\u00e9server un moment d\u00e9tente dans un hammam pour une nuit \u00e0 l\u2019h\u00f4tel La Fibule \u00e0 Zagora<\/p><p>Ou transfert \u00e0 Ouarzazate directement : 155 km de route et nuit \u00e0 l&rsquo;h\u00f4tel Saghro.<\/p><p><strong>Jour 8<\/strong><br \/>Transfert \u00e0 l&rsquo;a\u00e9roport en fonction des horaires de votre avion.<\/p>\t\t\t\t\t\t\t\t<\/div>\n\t\t\t\t<\/div>\n\t\t\t\t<div class=\"elementor-element elementor-element-2b80f6f1 elementor-widget elementor-widget-button\" data-id=\"2b80f6f1\" data-element_type=\"widget\" data-widget_type=\"button.default\">\n\t\t\t\t<div class=\"elementor-widget-container\">\n\t\t\t\t\t\t\t\t\t<div class=\"elementor-button-wrapper\">\n\t\t\t\t\t<a class=\"elementor-button elementor-button-link elementor-size-sm\" href=\"#\">\n\t\t\t\t\t\t<span class=\"elementor-button-content-wrapper\">\n\t\t\t\t\t\t\t\t\t<span class=\"elementor-button-text\">Voir les prochains d\u00e9parts<\/span>\n\t\t\t\t\t<\/span>\n\t\t\t\t\t<\/a>\n\t\t\t\t<\/div>\n\t\t\t\t\t\t\t\t<\/div>\n\t\t\t\t<\/div>\n\t\t\t\t<div class=\"elementor-element elementor-element-906c6c2 elementor-widget elementor-widget-text-editor\" data-id=\"906c6c2\" data-element_type=\"widget\" data-widget_type=\"text-editor.default\">\n\t\t\t\t<div class=\"elementor-widget-container\">\n\t\t\t\t\t\t\t\t\t<p><strong>Aucune date ne vous convient\u00a0 ? <\/strong><\/p><p><strong>D\u00e9posez votre demande pour d\u2019autres dates !<\/strong><\/p>\t\t\t\t\t\t\t\t<\/div>\n\t\t\t\t<\/div>\n\t\t\t\t<div class=\"elementor-element elementor-element-1043162a elementor-widget elementor-widget-button\" data-id=\"1043162a\" data-element_type=\"widget\" data-widget_type=\"button.default\">\n\t\t\t\t<div class=\"elementor-widget-container\">\n\t\t\t\t\t\t\t\t\t<div class=\"elementor-button-wrapper\">\n\t\t\t\t\t<a class=\"elementor-button elementor-button-link elementor-size-sm\" href=\"#\">\n\t\t\t\t\t\t<span class=\"elementor-button-content-wrapper\">\n\t\t\t\t\t\t\t\t\t<span class=\"elementor-button-text\">D\u00e9poser une demande<\/span>\n\t\t\t\t\t<\/span>\n\t\t\t\t\t<\/a>\n\t\t\t\t<\/div>\n\t\t\t\t\t\t\t\t<\/div>\n\t\t\t\t<\/div>\n\t\t\t\t<\/div>\n\t\t\t\t\t<\/div>\n\t\t\t\t<\/div>\n\t\t\t\t<\/div>\n\t\t","protected":false},"excerpt":{"rendered":"<p>LMRIR Circuit alliant beaut\u00e9, diversit\u00e9 de paysages et facilit\u00e9 ! Explorez un trek \u00e9poustouflant entre montagnes, dunes et plateaux, d\u00e9couvrez les puits nomades, la vall\u00e9e du Dr\u00e2a, la palmeraie de M&rsquo;hamid et observez les autruches sauvages. Les points forts: diversit\u00e9 des paysages la vari\u00e9t\u00e9 d\u2019animaux sauvages facilit\u00e9 du parcours Les caract\u00e9ristiques: 1 semaine (5 jours [&hellip;]<\/p>\n","protected":false},"author":1,"featured_media":0,"parent":0,"menu_order":0,"comment_status":"closed","ping_status":"closed","template":"elementor_theme","meta":{"footnotes":""},"class_list":["post-1796","page","type-page","status-publish","hentry"],"yoast_head":"<!-- This site is optimized with the Yoast SEO plugin v26.8 - https:\/\/yoast.com\/product\/yoast-seo-wordpress\/ -->\n<title>LMRIR - Rena\u00eetre au Sahara<\/title>\n<meta name=\"description\" content=\"Circuit alliant beaut\u00e9, diversit\u00e9 de paysages et facilit\u00e9 ! Trek \u00e9poustouflant entre montagnes, dunes et plateaux, d\u00e9couvrez les puits nomades, la vall\u00e9e du Dr\u00e2a, la palmeraie de M&#039;hamid et observez les autruches sauvages.\" \/>\n<meta name=\"robots\" content=\"index, follow, max-snippet:-1, max-image-preview:large, max-video-preview:-1\" \/>\n<link rel=\"canonical\" href=\"https:\/\/renaitre-au-sahara.com\/index.php\/lmrir\/\" \/>\n<meta property=\"og:locale\" content=\"fr_FR\" \/>\n<meta property=\"og:type\" content=\"article\" \/>\n<meta property=\"og:title\" content=\"LMRIR - Rena\u00eetre au Sahara\" \/>\n<meta property=\"og:description\" content=\"Circuit alliant beaut\u00e9, diversit\u00e9 de paysages et facilit\u00e9 ! Trek \u00e9poustouflant entre montagnes, dunes et plateaux, d\u00e9couvrez les puits nomades, la vall\u00e9e du Dr\u00e2a, la palmeraie de M&#039;hamid et observez les autruches sauvages.\" \/>\n<meta property=\"og:url\" content=\"https:\/\/renaitre-au-sahara.com\/index.php\/lmrir\/\" \/>\n<meta property=\"og:site_name\" content=\"Rena\u00eetre au Sahara\" \/>\n<meta property=\"article:publisher\" content=\"https:\/\/www.facebook.com\/profile.php?id=61552123260194\" \/>\n<meta property=\"article:modified_time\" content=\"2025-06-18T15:05:07+00:00\" \/>\n<meta property=\"og:image\" content=\"https:\/\/renaitre-au-sahara.com\/wp-content\/plugins\/elementor\/assets\/images\/placeholder.png\" \/>\n<meta name=\"twitter:card\" content=\"summary_large_image\" \/>\n<meta name=\"twitter:label1\" content=\"Dur\u00e9e de lecture estim\u00e9e\" \/>\n\t<meta name=\"twitter:data1\" content=\"3 minutes\" \/>\n<script type=\"application\/ld+json\" class=\"yoast-schema-graph\">{\"@context\":\"https:\/\/schema.org\",\"@graph\":[{\"@type\":\"WebPage\",\"@id\":\"https:\/\/renaitre-au-sahara.com\/index.php\/lmrir\/\",\"url\":\"https:\/\/renaitre-au-sahara.com\/index.php\/lmrir\/\",\"name\":\"LMRIR - Rena\u00eetre au Sahara\",\"isPartOf\":{\"@id\":\"https:\/\/renaitre-au-sahara.com\/#website\"},\"primaryImageOfPage\":{\"@id\":\"https:\/\/renaitre-au-sahara.com\/index.php\/lmrir\/#primaryimage\"},\"image\":{\"@id\":\"https:\/\/renaitre-au-sahara.com\/index.php\/lmrir\/#primaryimage\"},\"thumbnailUrl\":\"https:\/\/renaitre-au-sahara.com\/wp-content\/plugins\/elementor\/assets\/images\/placeholder.png\",\"datePublished\":\"2025-06-18T15:04:32+00:00\",\"dateModified\":\"2025-06-18T15:05:07+00:00\",\"description\":\"Circuit alliant beaut\u00e9, diversit\u00e9 de paysages et facilit\u00e9 ! Trek \u00e9poustouflant entre montagnes, dunes et plateaux, d\u00e9couvrez les puits nomades, la vall\u00e9e du Dr\u00e2a, la palmeraie de M'hamid et observez les autruches sauvages.\",\"breadcrumb\":{\"@id\":\"https:\/\/renaitre-au-sahara.com\/index.php\/lmrir\/#breadcrumb\"},\"inLanguage\":\"fr-FR\",\"potentialAction\":[{\"@type\":\"ReadAction\",\"target\":[\"https:\/\/renaitre-au-sahara.com\/index.php\/lmrir\/\"]}]},{\"@type\":\"ImageObject\",\"inLanguage\":\"fr-FR\",\"@id\":\"https:\/\/renaitre-au-sahara.com\/index.php\/lmrir\/#primaryimage\",\"url\":\"https:\/\/renaitre-au-sahara.com\/wp-content\/plugins\/elementor\/assets\/images\/placeholder.png\",\"contentUrl\":\"https:\/\/renaitre-au-sahara.com\/wp-content\/plugins\/elementor\/assets\/images\/placeholder.png\"},{\"@type\":\"BreadcrumbList\",\"@id\":\"https:\/\/renaitre-au-sahara.com\/index.php\/lmrir\/#breadcrumb\",\"itemListElement\":[{\"@type\":\"ListItem\",\"position\":1,\"name\":\"Accueil\",\"item\":\"https:\/\/renaitre-au-sahara.com\/\"},{\"@type\":\"ListItem\",\"position\":2,\"name\":\"LMRIR\"}]},{\"@type\":\"WebSite\",\"@id\":\"https:\/\/renaitre-au-sahara.com\/#website\",\"url\":\"https:\/\/renaitre-au-sahara.com\/\",\"name\":\"Rena\u00eetre au Sahara\",\"description\":\"\",\"publisher\":{\"@id\":\"https:\/\/renaitre-au-sahara.com\/#organization\"},\"potentialAction\":[{\"@type\":\"SearchAction\",\"target\":{\"@type\":\"EntryPoint\",\"urlTemplate\":\"https:\/\/renaitre-au-sahara.com\/?s={search_term_string}\"},\"query-input\":{\"@type\":\"PropertyValueSpecification\",\"valueRequired\":true,\"valueName\":\"search_term_string\"}}],\"inLanguage\":\"fr-FR\"},{\"@type\":\"Organization\",\"@id\":\"https:\/\/renaitre-au-sahara.com\/#organization\",\"name\":\"Renaitre au Sahara\",\"alternateName\":\"L\u2019exp\u00e9rience authentique \u201c\u00e0 la nomade\u201d\",\"url\":\"https:\/\/renaitre-au-sahara.com\/\",\"logo\":{\"@type\":\"ImageObject\",\"inLanguage\":\"fr-FR\",\"@id\":\"https:\/\/renaitre-au-sahara.com\/#\/schema\/logo\/image\/\",\"url\":\"https:\/\/renaitre-au-sahara.com\/wp-content\/uploads\/2023\/12\/6550bca6a5b7e4cd821d72a2_insigne_white-1-p-500.png\",\"contentUrl\":\"https:\/\/renaitre-au-sahara.com\/wp-content\/uploads\/2023\/12\/6550bca6a5b7e4cd821d72a2_insigne_white-1-p-500.png\",\"width\":500,\"height\":438,\"caption\":\"Renaitre au Sahara\"},\"image\":{\"@id\":\"https:\/\/renaitre-au-sahara.com\/#\/schema\/logo\/image\/\"},\"sameAs\":[\"https:\/\/www.facebook.com\/profile.php?id=61552123260194\",\"https:\/\/www.instagram.com\/renaitreausahara\/\"]}]}<\/script>\n<!-- \/ Yoast SEO plugin. -->","yoast_head_json":{"title":"LMRIR - Rena\u00eetre au Sahara","description":"Circuit alliant beaut\u00e9, diversit\u00e9 de paysages et facilit\u00e9 ! Trek \u00e9poustouflant entre montagnes, dunes et plateaux, d\u00e9couvrez les puits nomades, la vall\u00e9e du Dr\u00e2a, la palmeraie de M'hamid et observez les autruches sauvages.","robots":{"index":"index","follow":"follow","max-snippet":"max-snippet:-1","max-image-preview":"max-image-preview:large","max-video-preview":"max-video-preview:-1"},"canonical":"https:\/\/renaitre-au-sahara.com\/index.php\/lmrir\/","og_locale":"fr_FR","og_type":"article","og_title":"LMRIR - Rena\u00eetre au Sahara","og_description":"Circuit alliant beaut\u00e9, diversit\u00e9 de paysages et facilit\u00e9 ! Trek \u00e9poustouflant entre montagnes, dunes et plateaux, d\u00e9couvrez les puits nomades, la vall\u00e9e du Dr\u00e2a, la palmeraie de M'hamid et observez les autruches sauvages.","og_url":"https:\/\/renaitre-au-sahara.com\/index.php\/lmrir\/","og_site_name":"Rena\u00eetre au Sahara","article_publisher":"https:\/\/www.facebook.com\/profile.php?id=61552123260194","article_modified_time":"2025-06-18T15:05:07+00:00","og_image":[{"url":"https:\/\/renaitre-au-sahara.com\/wp-content\/plugins\/elementor\/assets\/images\/placeholder.png","type":"","width":"","height":""}],"twitter_card":"summary_large_image","twitter_misc":{"Dur\u00e9e de lecture estim\u00e9e":"3 minutes"},"schema":{"@context":"https:\/\/schema.org","@graph":[{"@type":"WebPage","@id":"https:\/\/renaitre-au-sahara.com\/index.php\/lmrir\/","url":"https:\/\/renaitre-au-sahara.com\/index.php\/lmrir\/","name":"LMRIR - Rena\u00eetre au Sahara","isPartOf":{"@id":"https:\/\/renaitre-au-sahara.com\/#website"},"primaryImageOfPage":{"@id":"https:\/\/renaitre-au-sahara.com\/index.php\/lmrir\/#primaryimage"},"image":{"@id":"https:\/\/renaitre-au-sahara.com\/index.php\/lmrir\/#primaryimage"},"thumbnailUrl":"https:\/\/renaitre-au-sahara.com\/wp-content\/plugins\/elementor\/assets\/images\/placeholder.png","datePublished":"2025-06-18T15:04:32+00:00","dateModified":"2025-06-18T15:05:07+00:00","description":"Circuit alliant beaut\u00e9, diversit\u00e9 de paysages et facilit\u00e9 ! Trek \u00e9poustouflant entre montagnes, dunes et plateaux, d\u00e9couvrez les puits nomades, la vall\u00e9e du Dr\u00e2a, la palmeraie de M'hamid et observez les autruches sauvages.","breadcrumb":{"@id":"https:\/\/renaitre-au-sahara.com\/index.php\/lmrir\/#breadcrumb"},"inLanguage":"fr-FR","potentialAction":[{"@type":"ReadAction","target":["https:\/\/renaitre-au-sahara.com\/index.php\/lmrir\/"]}]},{"@type":"ImageObject","inLanguage":"fr-FR","@id":"https:\/\/renaitre-au-sahara.com\/index.php\/lmrir\/#primaryimage","url":"https:\/\/renaitre-au-sahara.com\/wp-content\/plugins\/elementor\/assets\/images\/placeholder.png","contentUrl":"https:\/\/renaitre-au-sahara.com\/wp-content\/plugins\/elementor\/assets\/images\/placeholder.png"},{"@type":"BreadcrumbList","@id":"https:\/\/renaitre-au-sahara.com\/index.php\/lmrir\/#breadcrumb","itemListElement":[{"@type":"ListItem","position":1,"name":"Accueil","item":"https:\/\/renaitre-au-sahara.com\/"},{"@type":"ListItem","position":2,"name":"LMRIR"}]},{"@type":"WebSite","@id":"https:\/\/renaitre-au-sahara.com\/#website","url":"https:\/\/renaitre-au-sahara.com\/","name":"Rena\u00eetre au Sahara","description":"","publisher":{"@id":"https:\/\/renaitre-au-sahara.com\/#organization"},"potentialAction":[{"@type":"SearchAction","target":{"@type":"EntryPoint","urlTemplate":"https:\/\/renaitre-au-sahara.com\/?s={search_term_string}"},"query-input":{"@type":"PropertyValueSpecification","valueRequired":true,"valueName":"search_term_string"}}],"inLanguage":"fr-FR"},{"@type":"Organization","@id":"https:\/\/renaitre-au-sahara.com\/#organization","name":"Renaitre au Sahara","alternateName":"L\u2019exp\u00e9rience authentique \u201c\u00e0 la nomade\u201d","url":"https:\/\/renaitre-au-sahara.com\/","logo":{"@type":"ImageObject","inLanguage":"fr-FR","@id":"https:\/\/renaitre-au-sahara.com\/#\/schema\/logo\/image\/","url":"https:\/\/renaitre-au-sahara.com\/wp-content\/uploads\/2023\/12\/6550bca6a5b7e4cd821d72a2_insigne_white-1-p-500.png","contentUrl":"https:\/\/renaitre-au-sahara.com\/wp-content\/uploads\/2023\/12\/6550bca6a5b7e4cd821d72a2_insigne_white-1-p-500.png","width":500,"height":438,"caption":"Renaitre au Sahara"},"image":{"@id":"https:\/\/renaitre-au-sahara.com\/#\/schema\/logo\/image\/"},"sameAs":["https:\/\/www.facebook.com\/profile.php?id=61552123260194","https:\/\/www.instagram.com\/renaitreausahara\/"]}]}},"_links":{"self":[{"href":"https:\/\/renaitre-au-sahara.com\/index.php\/wp-json\/wp\/v2\/pages\/1796","targetHints":{"allow":["GET"]}}],"collection":[{"href":"https:\/\/renaitre-au-sahara.com\/index.php\/wp-json\/wp\/v2\/pages"}],"about":[{"href":"https:\/\/renaitre-au-sahara.com\/index.php\/wp-json\/wp\/v2\/types\/page"}],"author":[{"embeddable":true,"href":"https:\/\/renaitre-au-sahara.com\/index.php\/wp-json\/wp\/v2\/users\/1"}],"replies":[{"embeddable":true,"href":"https:\/\/renaitre-au-sahara.com\/index.php\/wp-json\/wp\/v2\/comments?post=1796"}],"version-history":[{"count":10,"href":"https:\/\/renaitre-au-sahara.com\/index.php\/wp-json\/wp\/v2\/pages\/1796\/revisions"}],"predecessor-version":[{"id":1830,"href":"https:\/\/renaitre-au-sahara.com\/index.php\/wp-json\/wp\/v2\/pages\/1796\/revisions\/1830"}],"wp:attachment":[{"href":"https:\/\/renaitre-au-sahara.com\/index.php\/wp-json\/wp\/v2\/media?parent=1796"}],"curies":[{"name":"wp","href":"https:\/\/api.w.org\/{rel}","templated":true}]}}