{"id":2,"date":"2023-12-08T09:13:18","date_gmt":"2023-12-08T08:13:18","guid":{"rendered":"http:\/\/renaitre-au-sahara.com\/?page_id=2"},"modified":"2026-01-31T14:49:33","modified_gmt":"2026-01-31T13:49:33","slug":"mentions-legales","status":"publish","type":"page","link":"https:\/\/renaitre-au-sahara.com\/index.php\/mentions-legales\/","title":{"rendered":"Mentions l\u00e9gales"},"content":{"rendered":"\t\t<div data-elementor-type=\"wp-page\" data-elementor-id=\"2\" class=\"elementor elementor-2\">\n\t\t\t\t<div class=\"elementor-element elementor-element-255e87b e-flex e-con-boxed e-con e-parent\" data-id=\"255e87b\" data-element_type=\"container\">\n\t\t\t\t\t<div class=\"e-con-inner\">\n\t\t\t\t<div class=\"elementor-element elementor-element-1193b73f elementor-widget elementor-widget-text-editor\" data-id=\"1193b73f\" data-element_type=\"widget\" data-widget_type=\"text-editor.default\">\n\t\t\t\t<div class=\"elementor-widget-container\">\n\t\t\t\t\t\t\t\t\tConform\u00e9ment aux dispositions de la loi n\u00b0 2004-575 du 21 juin 2004 pour la confiance en l&rsquo;\u00e9conomie num\u00e9rique, il est pr\u00e9cis\u00e9 aux utilisateurs du site Renaitre au Sahara l&rsquo;identit\u00e9 des diff\u00e9rents intervenants dans le cadre de sa r\u00e9alisation et de son suivi.\t\t\t\t\t\t\t\t<\/div>\n\t\t\t\t<\/div>\n\t\t\t\t<div class=\"elementor-element elementor-element-0e5bb43 elementor-widget elementor-widget-heading\" data-id=\"0e5bb43\" data-element_type=\"widget\" data-widget_type=\"heading.default\">\n\t\t\t\t<div class=\"elementor-widget-container\">\n\t\t\t\t\t<h2 class=\"elementor-heading-title elementor-size-default\">Edition du site<\/h2>\t\t\t\t<\/div>\n\t\t\t\t<\/div>\n\t\t\t\t<div class=\"elementor-element elementor-element-ff61a8d elementor-widget elementor-widget-text-editor\" data-id=\"ff61a8d\" data-element_type=\"widget\" data-widget_type=\"text-editor.default\">\n\t\t\t\t<div class=\"elementor-widget-container\">\n\t\t\t\t\t\t\t\t\t<p>Le pr\u00e9sent site, accessible \u00e0 l\u2019URL https:\/\/renaitre-au-sahara.com\/\u00a0(le \u00ab Site \u00bb), est \u00e9dit\u00e9 par :<br \/>Emilie BRANEYRE, de nationalit\u00e9 Fran\u00e7aise (France), n\u00e9(e) le 06\/09\/1991, inscrite au R.C.S. de MARSEILLE sous le num\u00e9ro 980 451 520 R.C.S. Marseille.<\/p>\t\t\t\t\t\t\t\t<\/div>\n\t\t\t\t<\/div>\n\t\t\t\t<div class=\"elementor-element elementor-element-87be783 elementor-widget elementor-widget-heading\" data-id=\"87be783\" data-element_type=\"widget\" data-widget_type=\"heading.default\">\n\t\t\t\t<div class=\"elementor-widget-container\">\n\t\t\t\t\t<h2 class=\"elementor-heading-title elementor-size-default\">H\u00e9bergement<\/h2>\t\t\t\t<\/div>\n\t\t\t\t<\/div>\n\t\t\t\t<div class=\"elementor-element elementor-element-da90098 elementor-widget elementor-widget-text-editor\" data-id=\"da90098\" data-element_type=\"widget\" data-widget_type=\"text-editor.default\">\n\t\t\t\t<div class=\"elementor-widget-container\">\n\t\t\t\t\t\t\t\t\t<p>Le Site est h\u00e9berg\u00e9 par la soci\u00e9t\u00e9 OVH SAS 2 rue Kellermann &#8211; 59100 Roubaix &#8211; France<\/p>\t\t\t\t\t\t\t\t<\/div>\n\t\t\t\t<\/div>\n\t\t\t\t<div class=\"elementor-element elementor-element-c095253 elementor-widget elementor-widget-heading\" data-id=\"c095253\" data-element_type=\"widget\" data-widget_type=\"heading.default\">\n\t\t\t\t<div class=\"elementor-widget-container\">\n\t\t\t\t\t<h2 class=\"elementor-heading-title elementor-size-default\">Directeur de publication\n<\/h2>\t\t\t\t<\/div>\n\t\t\t\t<\/div>\n\t\t\t\t<div class=\"elementor-element elementor-element-0e10d46 elementor-widget elementor-widget-text-editor\" data-id=\"0e10d46\" data-element_type=\"widget\" data-widget_type=\"text-editor.default\">\n\t\t\t\t<div class=\"elementor-widget-container\">\n\t\t\t\t\t\t\t\t\t<p>Le Directeur de la publication du Site est Emilie BRANEYRE.<\/p>\t\t\t\t\t\t\t\t<\/div>\n\t\t\t\t<\/div>\n\t\t\t\t<div class=\"elementor-element elementor-element-1201808 elementor-widget elementor-widget-heading\" data-id=\"1201808\" data-element_type=\"widget\" data-widget_type=\"heading.default\">\n\t\t\t\t<div class=\"elementor-widget-container\">\n\t\t\t\t\t<h2 class=\"elementor-heading-title elementor-size-default\">Nous contacter\n<\/h2>\t\t\t\t<\/div>\n\t\t\t\t<\/div>\n\t\t\t\t<div class=\"elementor-element elementor-element-dafc10b elementor-widget elementor-widget-text-editor\" data-id=\"dafc10b\" data-element_type=\"widget\" data-widget_type=\"text-editor.default\">\n\t\t\t\t<div class=\"elementor-widget-container\">\n\t\t\t\t\t\t\t\t\t<p>Par t\u00e9l\u00e9phone : +33638323163<br>Par email : emilie.braneyre@live.fr<br><\/p>\t\t\t\t\t\t\t\t<\/div>\n\t\t\t\t<\/div>\n\t\t\t\t<div class=\"elementor-element elementor-element-8b99b1b elementor-widget elementor-widget-heading\" data-id=\"8b99b1b\" data-element_type=\"widget\" data-widget_type=\"heading.default\">\n\t\t\t\t<div class=\"elementor-widget-container\">\n\t\t\t\t\t<h2 class=\"elementor-heading-title elementor-size-default\">Donn\u00e9es personnelles\n<\/h2>\t\t\t\t<\/div>\n\t\t\t\t<\/div>\n\t\t\t\t<div class=\"elementor-element elementor-element-42962a1 elementor-widget elementor-widget-text-editor\" data-id=\"42962a1\" data-element_type=\"widget\" data-widget_type=\"text-editor.default\">\n\t\t\t\t<div class=\"elementor-widget-container\">\n\t\t\t\t\t\t\t\t\t<p>Le traitement de vos donn\u00e9es \u00e0 caract\u00e8re personnel est r\u00e9gi par notre Charte du respect de la vie priv\u00e9e, disponible depuis la section \u00ab\u00a0Charte de Protection des Donn\u00e9es Personnelles\u00a0\u00bb, conform\u00e9ment au R\u00e8glement G\u00e9n\u00e9ral sur la Protection des Donn\u00e9es 2016\/679 du 27 avril 2016 (\u00abRGPD\u00bb).<\/p>\t\t\t\t\t\t\t\t<\/div>\n\t\t\t\t<\/div>\n\t\t\t\t\t<\/div>\n\t\t\t\t<\/div>\n\t\t\t\t<\/div>\n\t\t","protected":false},"excerpt":{"rendered":"<p>Conform\u00e9ment aux dispositions de la loi n\u00b0 2004-575 du 21 juin 2004 pour la confiance en l&rsquo;\u00e9conomie num\u00e9rique, il est pr\u00e9cis\u00e9 aux utilisateurs du site Renaitre au Sahara l&rsquo;identit\u00e9 des diff\u00e9rents intervenants dans le cadre de sa r\u00e9alisation et de son suivi. Edition du site Le pr\u00e9sent site, accessible \u00e0 l\u2019URL https:\/\/renaitre-au-sahara.com\/\u00a0(le \u00ab Site \u00bb), [&hellip;]<\/p>\n","protected":false},"author":1,"featured_media":0,"parent":0,"menu_order":0,"comment_status":"closed","ping_status":"open","template":"","meta":{"footnotes":""},"class_list":["post-2","page","type-page","status-publish","hentry"],"yoast_head":"<!-- This site is optimized with the Yoast SEO plugin v26.8 - https:\/\/yoast.com\/product\/yoast-seo-wordpress\/ -->\n<title>Mentions l\u00e9gales - Rena\u00eetre au Sahara<\/title>\n<meta name=\"robots\" content=\"index, follow, max-snippet:-1, max-image-preview:large, max-video-preview:-1\" \/>\n<link rel=\"canonical\" href=\"https:\/\/renaitre-au-sahara.com\/index.php\/mentions-legales\/\" \/>\n<meta property=\"og:locale\" content=\"fr_FR\" \/>\n<meta property=\"og:type\" content=\"article\" \/>\n<meta property=\"og:title\" content=\"Mentions l\u00e9gales - Rena\u00eetre au Sahara\" \/>\n<meta property=\"og:description\" content=\"Conform\u00e9ment aux dispositions de la loi n\u00b0 2004-575 du 21 juin 2004 pour la confiance en l&rsquo;\u00e9conomie num\u00e9rique, il est pr\u00e9cis\u00e9 aux utilisateurs du site Renaitre au Sahara l&rsquo;identit\u00e9 des diff\u00e9rents intervenants dans le cadre de sa r\u00e9alisation et de son suivi. Edition du site Le pr\u00e9sent site, accessible \u00e0 l\u2019URL https:\/\/renaitre-au-sahara.com\/\u00a0(le \u00ab Site \u00bb), [&hellip;]\" \/>\n<meta property=\"og:url\" content=\"https:\/\/renaitre-au-sahara.com\/index.php\/mentions-legales\/\" \/>\n<meta property=\"og:site_name\" content=\"Rena\u00eetre au Sahara\" \/>\n<meta property=\"article:publisher\" content=\"https:\/\/www.facebook.com\/profile.php?id=61552123260194\" \/>\n<meta property=\"article:modified_time\" content=\"2026-01-31T13:49:33+00:00\" \/>\n<meta name=\"twitter:card\" content=\"summary_large_image\" \/>\n<meta name=\"twitter:label1\" content=\"Dur\u00e9e de lecture estim\u00e9e\" \/>\n\t<meta name=\"twitter:data1\" content=\"1 minute\" \/>\n<script type=\"application\/ld+json\" class=\"yoast-schema-graph\">{\"@context\":\"https:\/\/schema.org\",\"@graph\":[{\"@type\":\"WebPage\",\"@id\":\"https:\/\/renaitre-au-sahara.com\/index.php\/mentions-legales\/\",\"url\":\"https:\/\/renaitre-au-sahara.com\/index.php\/mentions-legales\/\",\"name\":\"Mentions l\u00e9gales - Rena\u00eetre au Sahara\",\"isPartOf\":{\"@id\":\"https:\/\/renaitre-au-sahara.com\/#website\"},\"datePublished\":\"2023-12-08T08:13:18+00:00\",\"dateModified\":\"2026-01-31T13:49:33+00:00\",\"breadcrumb\":{\"@id\":\"https:\/\/renaitre-au-sahara.com\/index.php\/mentions-legales\/#breadcrumb\"},\"inLanguage\":\"fr-FR\",\"potentialAction\":[{\"@type\":\"ReadAction\",\"target\":[\"https:\/\/renaitre-au-sahara.com\/index.php\/mentions-legales\/\"]}]},{\"@type\":\"BreadcrumbList\",\"@id\":\"https:\/\/renaitre-au-sahara.com\/index.php\/mentions-legales\/#breadcrumb\",\"itemListElement\":[{\"@type\":\"ListItem\",\"position\":1,\"name\":\"Accueil\",\"item\":\"https:\/\/renaitre-au-sahara.com\/\"},{\"@type\":\"ListItem\",\"position\":2,\"name\":\"Mentions l\u00e9gales\"}]},{\"@type\":\"WebSite\",\"@id\":\"https:\/\/renaitre-au-sahara.com\/#website\",\"url\":\"https:\/\/renaitre-au-sahara.com\/\",\"name\":\"Rena\u00eetre au Sahara\",\"description\":\"\",\"publisher\":{\"@id\":\"https:\/\/renaitre-au-sahara.com\/#organization\"},\"potentialAction\":[{\"@type\":\"SearchAction\",\"target\":{\"@type\":\"EntryPoint\",\"urlTemplate\":\"https:\/\/renaitre-au-sahara.com\/?s={search_term_string}\"},\"query-input\":{\"@type\":\"PropertyValueSpecification\",\"valueRequired\":true,\"valueName\":\"search_term_string\"}}],\"inLanguage\":\"fr-FR\"},{\"@type\":\"Organization\",\"@id\":\"https:\/\/renaitre-au-sahara.com\/#organization\",\"name\":\"Renaitre au Sahara\",\"alternateName\":\"L\u2019exp\u00e9rience authentique \u201c\u00e0 la nomade\u201d\",\"url\":\"https:\/\/renaitre-au-sahara.com\/\",\"logo\":{\"@type\":\"ImageObject\",\"inLanguage\":\"fr-FR\",\"@id\":\"https:\/\/renaitre-au-sahara.com\/#\/schema\/logo\/image\/\",\"url\":\"https:\/\/renaitre-au-sahara.com\/wp-content\/uploads\/2023\/12\/6550bca6a5b7e4cd821d72a2_insigne_white-1-p-500.png\",\"contentUrl\":\"https:\/\/renaitre-au-sahara.com\/wp-content\/uploads\/2023\/12\/6550bca6a5b7e4cd821d72a2_insigne_white-1-p-500.png\",\"width\":500,\"height\":438,\"caption\":\"Renaitre au Sahara\"},\"image\":{\"@id\":\"https:\/\/renaitre-au-sahara.com\/#\/schema\/logo\/image\/\"},\"sameAs\":[\"https:\/\/www.facebook.com\/profile.php?id=61552123260194\",\"https:\/\/www.instagram.com\/renaitreausahara\/\"]}]}<\/script>\n<!-- \/ Yoast SEO plugin. -->","yoast_head_json":{"title":"Mentions l\u00e9gales - Rena\u00eetre au Sahara","robots":{"index":"index","follow":"follow","max-snippet":"max-snippet:-1","max-image-preview":"max-image-preview:large","max-video-preview":"max-video-preview:-1"},"canonical":"https:\/\/renaitre-au-sahara.com\/index.php\/mentions-legales\/","og_locale":"fr_FR","og_type":"article","og_title":"Mentions l\u00e9gales - Rena\u00eetre au Sahara","og_description":"Conform\u00e9ment aux dispositions de la loi n\u00b0 2004-575 du 21 juin 2004 pour la confiance en l&rsquo;\u00e9conomie num\u00e9rique, il est pr\u00e9cis\u00e9 aux utilisateurs du site Renaitre au Sahara l&rsquo;identit\u00e9 des diff\u00e9rents intervenants dans le cadre de sa r\u00e9alisation et de son suivi. Edition du site Le pr\u00e9sent site, accessible \u00e0 l\u2019URL https:\/\/renaitre-au-sahara.com\/\u00a0(le \u00ab Site \u00bb), [&hellip;]","og_url":"https:\/\/renaitre-au-sahara.com\/index.php\/mentions-legales\/","og_site_name":"Rena\u00eetre au Sahara","article_publisher":"https:\/\/www.facebook.com\/profile.php?id=61552123260194","article_modified_time":"2026-01-31T13:49:33+00:00","twitter_card":"summary_large_image","twitter_misc":{"Dur\u00e9e de lecture estim\u00e9e":"1 minute"},"schema":{"@context":"https:\/\/schema.org","@graph":[{"@type":"WebPage","@id":"https:\/\/renaitre-au-sahara.com\/index.php\/mentions-legales\/","url":"https:\/\/renaitre-au-sahara.com\/index.php\/mentions-legales\/","name":"Mentions l\u00e9gales - Rena\u00eetre au Sahara","isPartOf":{"@id":"https:\/\/renaitre-au-sahara.com\/#website"},"datePublished":"2023-12-08T08:13:18+00:00","dateModified":"2026-01-31T13:49:33+00:00","breadcrumb":{"@id":"https:\/\/renaitre-au-sahara.com\/index.php\/mentions-legales\/#breadcrumb"},"inLanguage":"fr-FR","potentialAction":[{"@type":"ReadAction","target":["https:\/\/renaitre-au-sahara.com\/index.php\/mentions-legales\/"]}]},{"@type":"BreadcrumbList","@id":"https:\/\/renaitre-au-sahara.com\/index.php\/mentions-legales\/#breadcrumb","itemListElement":[{"@type":"ListItem","position":1,"name":"Accueil","item":"https:\/\/renaitre-au-sahara.com\/"},{"@type":"ListItem","position":2,"name":"Mentions l\u00e9gales"}]},{"@type":"WebSite","@id":"https:\/\/renaitre-au-sahara.com\/#website","url":"https:\/\/renaitre-au-sahara.com\/","name":"Rena\u00eetre au Sahara","description":"","publisher":{"@id":"https:\/\/renaitre-au-sahara.com\/#organization"},"potentialAction":[{"@type":"SearchAction","target":{"@type":"EntryPoint","urlTemplate":"https:\/\/renaitre-au-sahara.com\/?s={search_term_string}"},"query-input":{"@type":"PropertyValueSpecification","valueRequired":true,"valueName":"search_term_string"}}],"inLanguage":"fr-FR"},{"@type":"Organization","@id":"https:\/\/renaitre-au-sahara.com\/#organization","name":"Renaitre au Sahara","alternateName":"L\u2019exp\u00e9rience authentique \u201c\u00e0 la nomade\u201d","url":"https:\/\/renaitre-au-sahara.com\/","logo":{"@type":"ImageObject","inLanguage":"fr-FR","@id":"https:\/\/renaitre-au-sahara.com\/#\/schema\/logo\/image\/","url":"https:\/\/renaitre-au-sahara.com\/wp-content\/uploads\/2023\/12\/6550bca6a5b7e4cd821d72a2_insigne_white-1-p-500.png","contentUrl":"https:\/\/renaitre-au-sahara.com\/wp-content\/uploads\/2023\/12\/6550bca6a5b7e4cd821d72a2_insigne_white-1-p-500.png","width":500,"height":438,"caption":"Renaitre au Sahara"},"image":{"@id":"https:\/\/renaitre-au-sahara.com\/#\/schema\/logo\/image\/"},"sameAs":["https:\/\/www.facebook.com\/profile.php?id=61552123260194","https:\/\/www.instagram.com\/renaitreausahara\/"]}]}},"_links":{"self":[{"href":"https:\/\/renaitre-au-sahara.com\/index.php\/wp-json\/wp\/v2\/pages\/2","targetHints":{"allow":["GET"]}}],"collection":[{"href":"https:\/\/renaitre-au-sahara.com\/index.php\/wp-json\/wp\/v2\/pages"}],"about":[{"href":"https:\/\/renaitre-au-sahara.com\/index.php\/wp-json\/wp\/v2\/types\/page"}],"author":[{"embeddable":true,"href":"https:\/\/renaitre-au-sahara.com\/index.php\/wp-json\/wp\/v2\/users\/1"}],"replies":[{"embeddable":true,"href":"https:\/\/renaitre-au-sahara.com\/index.php\/wp-json\/wp\/v2\/comments?post=2"}],"version-history":[{"count":8,"href":"https:\/\/renaitre-au-sahara.com\/index.php\/wp-json\/wp\/v2\/pages\/2\/revisions"}],"predecessor-version":[{"id":1640,"href":"https:\/\/renaitre-au-sahara.com\/index.php\/wp-json\/wp\/v2\/pages\/2\/revisions\/1640"}],"wp:attachment":[{"href":"https:\/\/renaitre-au-sahara.com\/index.php\/wp-json\/wp\/v2\/media?parent=2"}],"curies":[{"name":"wp","href":"https:\/\/api.w.org\/{rel}","templated":true}]}}